{"id":193,"date":"2018-01-15T16:07:25","date_gmt":"2018-01-15T15:07:25","guid":{"rendered":"http:\/\/polypictures.fr\/deco-ambiance\/?page_id=193"},"modified":"2019-10-16T20:19:40","modified_gmt":"2019-10-16T18:19:40","slug":"informations-legales-cgv","status":"publish","type":"page","link":"https:\/\/polypictures.fr\/deco-ambiance\/index.php\/informations-legales-cgv\/","title":{"rendered":"Informations L\u00e9gales &#038; CGV"},"content":{"rendered":"\t\t<div data-elementor-type=\"wp-post\" data-elementor-id=\"193\" class=\"elementor elementor-193\">\n\t\t\t\t\t\t<div class=\"elementor-inner\">\n\t\t\t\t<div class=\"elementor-section-wrap\">\n\t\t\t\t\t\t\t\t\t<section class=\"elementor-section elementor-top-section elementor-element elementor-element-dc89090 elementor-section-boxed elementor-section-height-default elementor-section-height-default\" data-id=\"dc89090\" data-element_type=\"section\">\n\t\t\t\t\t\t<div class=\"elementor-container elementor-column-gap-default\">\n\t\t\t\t\t\t\t<div class=\"elementor-row\">\n\t\t\t\t\t<div class=\"elementor-column elementor-col-100 elementor-top-column elementor-element elementor-element-d3231c1\" data-id=\"d3231c1\" data-element_type=\"column\">\n\t\t\t<div class=\"elementor-column-wrap elementor-element-populated\">\n\t\t\t\t\t\t\t<div class=\"elementor-widget-wrap\">\n\t\t\t\t\t\t<div class=\"elementor-element elementor-element-2099146 elementor-tabs-view-horizontal elementor-widget elementor-widget-tabs\" data-id=\"2099146\" data-element_type=\"widget\" data-widget_type=\"tabs.default\">\n\t\t\t\t<div class=\"elementor-widget-container\">\n\t\t\t\t\t<div class=\"elementor-tabs\">\n\t\t\t<div class=\"elementor-tabs-wrapper\" role=\"tablist\" >\n\t\t\t\t\t\t\t\t\t<div id=\"elementor-tab-title-3411\" class=\"elementor-tab-title elementor-tab-desktop-title\" aria-selected=\"true\" data-tab=\"1\" role=\"tab\" tabindex=\"0\" aria-controls=\"elementor-tab-content-3411\" aria-expanded=\"false\"><a href=\"\">Paiement<\/a><\/div>\n\t\t\t\t\t\t\t\t\t<div id=\"elementor-tab-title-3412\" class=\"elementor-tab-title elementor-tab-desktop-title\" aria-selected=\"false\" data-tab=\"2\" role=\"tab\" tabindex=\"-1\" aria-controls=\"elementor-tab-content-3412\" aria-expanded=\"false\"><a href=\"\">Livraison<\/a><\/div>\n\t\t\t\t\t\t\t\t\t<div id=\"elementor-tab-title-3413\" class=\"elementor-tab-title elementor-tab-desktop-title\" aria-selected=\"false\" data-tab=\"3\" role=\"tab\" tabindex=\"-1\" aria-controls=\"elementor-tab-content-3413\" aria-expanded=\"false\"><a href=\"\">Conditions G\u00e9n\u00e9rales de Ventes<\/a><\/div>\n\t\t\t\t\t\t\t\t\t<div id=\"elementor-tab-title-3414\" class=\"elementor-tab-title elementor-tab-desktop-title\" aria-selected=\"false\" data-tab=\"4\" role=\"tab\" tabindex=\"-1\" aria-controls=\"elementor-tab-content-3414\" aria-expanded=\"false\"><a href=\"\">Informations L\u00e9gales<\/a><\/div>\n\t\t\t\t\t\t\t<\/div>\n\t\t\t<div class=\"elementor-tabs-content-wrapper\" role=\"tablist\" aria-orientation=\"vertical\">\n\t\t\t\t\t\t\t\t\t<div class=\"elementor-tab-title elementor-tab-mobile-title\" aria-selected=\"true\" data-tab=\"1\" role=\"tab\" tabindex=\"0\" aria-controls=\"elementor-tab-content-3411\" aria-expanded=\"false\">Paiement<\/div>\n\t\t\t\t\t<div id=\"elementor-tab-content-3411\" class=\"elementor-tab-content elementor-clearfix\" data-tab=\"1\" role=\"tabpanel\" aria-labelledby=\"elementor-tab-title-3411\" tabindex=\"0\" hidden=\"false\"><p>La commande est valid\u00e9e une fois le paiement r\u00e9alis\u00e9 avec Paypal<\/p><p>Le paiement est exclusivement r\u00e9alis\u00e9 avec Paypal que le client poss\u00e8de un compte Paypal ou bien paye avec Paypal via une carte bancaire.<\/p><div>A la r\u00e9ception du paiement, nous r\u00e9alisons la commande dans les d\u00e9lais annonc\u00e9s sur la facture et l&rsquo;envoyons au client.<\/div><div>\u00a0<a title=\"PayPal Comment Ca Marche\" href=\"https:\/\/www.paypal.com\/fr\/webapps\/mpp\/paypal-popup\"><img class=\"alignright\" src=\"https:\/\/www.paypalobjects.com\/webstatic\/mktg\/logo-center\/logo_paypal_moyens_paiement_fr.jpg\" alt=\"PayPal Acceptance Mark\" border=\"0\" \/><\/a><\/div><p><!-- PayPal Logo --><\/p><p><!-- PayPal Logo --><\/p><\/div>\n\t\t\t\t\t\t\t\t\t<div class=\"elementor-tab-title elementor-tab-mobile-title\" aria-selected=\"false\" data-tab=\"2\" role=\"tab\" tabindex=\"-1\" aria-controls=\"elementor-tab-content-3412\" aria-expanded=\"false\">Livraison<\/div>\n\t\t\t\t\t<div id=\"elementor-tab-content-3412\" class=\"elementor-tab-content elementor-clearfix\" data-tab=\"2\" role=\"tabpanel\" aria-labelledby=\"elementor-tab-title-3412\" tabindex=\"0\" hidden=\"hidden\"><div style=\"font-style: normal; font-variant-ligatures: normal; font-variant-caps: normal; font-size: 15px; font-family: Raleway;\"><b>Toutes nos livraisons pour la France sont gratuites.<\/b><\/div><div style=\"font-style: normal; font-variant-ligatures: normal; font-variant-caps: normal; font-weight: 400; font-size: 15px; font-family: Raleway;\">Apr\u00e8s paiement, le client recevra sa commande dans les conditions indiqu\u00e9es sur la facture (adresse de livraison, dur\u00e9e de traitement de la commande et prestataire). Un courrier \u00e9lectronique lui sera envoy\u00e9 avec indication du num\u00e9ro de suivi du colis si cette option d&rsquo;envoi est retenue.<\/div><div style=\"font-style: normal; font-variant-ligatures: normal; font-variant-caps: normal; font-weight: 400; font-size: 15px; font-family: Raleway;\">\u00a0<\/div><div style=\"font-style: normal; font-variant-ligatures: normal; font-variant-caps: normal; font-weight: 400; font-size: 15px; font-family: Raleway;\"><p>Les petits tirages, format 21 x 30 cm et plus petits, sont envoy\u00e9s par la Poste en lettre simple sous enveloppe cartonn\u00e9e, sans num\u00e9ro de suivi. <br \/>Pour les grands tirages, sup\u00e9rieur \u00e0 21 x 30 cm, ceux-ci sont envoy\u00e9s soit par Colissimo soit par Mondial Relay, dans un tube en carton, avec num\u00e9ro de suivi et assurance.<\/p><p>Nous nous effor\u00e7ons de garantir la qualit\u00e9 de nos produits la protection et la bonne r\u00e9ception de ceux-ci. S&rsquo;il arrivait que le colis soit endommag\u00e9 pendant le transport, nous demandons au client de v\u00e9rifier que l&rsquo;\u00e9tat du tirage et si n\u00e9cessaire de refuser le colis ou si ce n&rsquo;est pas possible, d&rsquo;\u00e9mettre des r\u00e9serves \u00e9crites \u00e0 la r\u00e9ception aupr\u00e8s du livreur. Alors et apr\u00e8s nous avoir contact\u00e9 par le formulaire de contact, nous ferons le n\u00e9cessaire pour satisfaire notre client.<\/p><p><i>Polypictures &#8211; Jn Duval\u00a0<\/i>ne peut \u00eatre tenu responsable des retards de livraison, de la perte du colis, des erreurs de livraison du prestataire de transport ou de la d\u00e9livrance du colis aupr\u00e8s d&rsquo;un tiers \u00e0 la place du destinataire indiqu\u00e9 sur le bordereau de transport.<\/p><\/div><\/div>\n\t\t\t\t\t\t\t\t\t<div class=\"elementor-tab-title elementor-tab-mobile-title\" aria-selected=\"false\" data-tab=\"3\" role=\"tab\" tabindex=\"-1\" aria-controls=\"elementor-tab-content-3413\" aria-expanded=\"false\">Conditions G\u00e9n\u00e9rales de Ventes<\/div>\n\t\t\t\t\t<div id=\"elementor-tab-content-3413\" class=\"elementor-tab-content elementor-clearfix\" data-tab=\"3\" role=\"tabpanel\" aria-labelledby=\"elementor-tab-title-3413\" tabindex=\"0\" hidden=\"hidden\"><h3>1 &#8211; Les Droits de l&rsquo;acheteur sur un site ecommerce<\/h3><p>L&rsquo;acheteur dispose d&rsquo;un d\u00e9lai de 14 jours pour exercer son droit de r\u00e9tractation, sans avoir \u00e0 justifier de motifs, ni \u00e0 payer de p\u00e9nalit\u00e9s, \u00e0 l&rsquo;exception des frais de retour. Ce d\u00e9lai est de 14 jours \u00e0 compter de la r\u00e9ception du bien. Le client doit alors nous \u00e9crire via le formulaire de contact et exercer son droit, sans oublier de communiquer son num\u00e9ro de commande.<\/p><p>Lorsque le droit de r\u00e9tractation est exerc\u00e9, le professionnel est tenu de rembourser le consommateur de la totalit\u00e9 des sommes vers\u00e9es dans les meilleurs d\u00e9lais et au plus tard dans les 30 jours qui suivent la date de r\u00e9tractation.<\/p><h3>2 &#8211; Les Photographies<\/h3><p>Nous nous r\u00e9servons le droit d&rsquo;exploiter les photographies vendues ou \u00e0 vendre. Elles restent notre propri\u00e9t\u00e9 et ne peuvent \u00eatre reproduites, publi\u00e9es, \u00e9dite\u00e9es sans notre accord. Chaque tirage portera la mention\u00a0<em>Jn Duval &#8211; Polypictures\u00a0<\/em>inscrit au recto et au verso. Au recto, la mention ne g\u00e8nera en aucun l&rsquo;esth\u00e9tique de la photo et sera plac\u00e9e, en une inscription blanche ou noire, dans le coin inf\u00e9rieur droit ou gauche. Au verso, l&rsquo;inscription sera manuscrite et sera accompagn\u00e9e de la date<\/p><h3>3 &#8211; Paiement et Traitement des commandes<\/h3><p>Apr\u00e8s paiement, un message \u00e9lectronique est envoy\u00e9 au client qui reprend les informations de la commande.<\/p><p style=\"font-style: normal; font-variant-ligatures: normal; font-variant-caps: normal; font-weight: 400; font-size: 15px; font-family: Raleway; text-indent: 0px;\">La commande est valid\u00e9e une fois le paiement r\u00e9alis\u00e9 avec Paypal<\/p><p style=\"font-style: normal; font-variant-ligatures: normal; font-variant-caps: normal; font-weight: 400; font-size: 15px; font-family: Raleway; text-indent: 0px;\">Le paiement est exclusivement r\u00e9alis\u00e9 avec Paypal que le client poss\u00e8de un compte Paypal ou bien paye avec Paypal via une carte bancaire.<\/p><div style=\"font-style: normal; font-variant-ligatures: normal; font-variant-caps: normal; font-weight: 400; font-size: 15px; font-family: Raleway;\">A la r\u00e9ception du paiement, nous r\u00e9alisons la commande dans les d\u00e9lais annonc\u00e9s sur la facture et l&rsquo;envoyons au client.<\/div><p><span style=\"font-family: Raleway; font-size: 15px; font-style: normal; font-variant-ligatures: normal; font-variant-caps: normal; font-weight: 400;\">Pour le payement par ch\u00e8que ou par virement, merci d&rsquo;indiquer les r\u00e9f\u00e9rences pr\u00e9cis\u00e9es sur la facture.<\/span><\/p><p><span style=\"font-family: Raleway; font-size: 15px; font-style: normal; font-variant-ligatures: normal; font-variant-caps: normal; font-weight: 400;\">A la r\u00e9ception du paiement, nous r\u00e9alisons la commande dans les d\u00e9lais annonc\u00e9s sur la facture et l&rsquo;envoyons au client.<\/span>.<\/p><p><span style=\"color: #333333; font-family: Raleway; font-size: 1.79em; font-weight: 300;\">4 &#8211; Livraison<\/span><\/p><div><div style=\"font-style: normal; font-variant-ligatures: normal; font-variant-caps: normal; font-size: 15px; font-family: Raleway;\">Toutes nos livraisons pour la France sont gratuites.<\/div><div style=\"font-style: normal; font-variant-ligatures: normal; font-variant-caps: normal; font-weight: 400; font-size: 15px; font-family: Raleway;\">Apr\u00e8s paiement, le client recevra sa commande dans les conditions indiqu\u00e9es sur la facture (adresse de livraison, dur\u00e9e de traitement de la commande et prestataire). Un courrier \u00e9lectronique lui sera envoy\u00e9 avec indication du num\u00e9ro de suivi du colis si cette option d&rsquo;envoi est retenue.<\/div><div style=\"font-style: normal; font-variant-ligatures: normal; font-variant-caps: normal; font-weight: 400; font-size: 15px; font-family: Raleway;\">\u00a0<\/div><div style=\"font-style: normal; font-variant-ligatures: normal; font-variant-caps: normal; font-weight: 400; font-size: 15px; font-family: Raleway;\"><p>Les petits tirages, format 21 x 30 cm et plus petits, sont envoy\u00e9s par la Poste en lettre simple sous enveloppe cartonn\u00e9e, sans num\u00e9ro de suivi.\u00a0<br \/>Pour les grands tirages, sup\u00e9rieur \u00e0 21 x 30 cm, ceux-ci sont envoy\u00e9s soit par Colissimo soit par Mondial Relay, dans un tube en carton, avec num\u00e9ro de suivi et assurance.<\/p><p>Nous nous effor\u00e7ons de garantir la qualit\u00e9 de nos produits la protection et la bonne r\u00e9ception de ceux-ci. S&rsquo;il arrivait que le colis soit endommag\u00e9 pendant le transport, nous demandons au client de v\u00e9rifier que l&rsquo;\u00e9tat du tirage et si n\u00e9cessaire de refuser le colis ou si ce n&rsquo;est pas possible, d&rsquo;\u00e9mettre des r\u00e9serves \u00e9crites \u00e0 la r\u00e9ception aupr\u00e8s du livreur. Alors et apr\u00e8s nous avoir contact\u00e9 par le formulaire de contact, nous ferons le n\u00e9cessaire pour satisfaire notre client.<\/p><p><i>Polypictures &#8211; Jn Duval\u00a0<\/i>ne peut \u00eatre tenu responsable des retards de livraison, de la perte du colis, des erreurs de livraison du prestataire de transport ou de la d\u00e9livrance du colis aupr\u00e8s d&rsquo;un tiers \u00e0 la place du destinataire indiqu\u00e9 sur le bordereau de transport.<\/p><\/div><\/div><div><span style=\"color: #333333; font-family: Raleway; font-size: 1.79em; font-weight: 300;\">5 &#8211; Donn\u00e9es Personnelles &#8211; RGPD<\/span><\/div><div>Nous recueillons vos donn\u00e9es personnelles lorsque vous effectuez une commande sur notre site internet www.polypictures.fr.<br \/>Les informations recueillies incluent votre nom, votre adresse de livraison, votre adresse e-mail et votre num\u00e9ro de t\u00e9l\u00e9phone. Les informations de paiement sont recueillis par Paypal.<br \/>Lorsque vous naviguez sur notre site internet, des informations sont recueillies (cookies).\u00a0<\/div><p>\u00a0<\/p><p>Les informations recueillies servent exclusivement au traitement de votre commande et \u00e0 l&rsquo;exp\u00e9dition. Nous n&rsquo;utilisons pas vos donn\u00e9es \u00e0 d&rsquo;autres fins.<\/p><p>Vos donn\u00e9es sont strictement personnelles, elles ne sont ni vendues, ni \u00e9chang\u00e9es, ni transf\u00e9r\u00e9es ou donn\u00e9es \u00e0 un tiers sauf prestataire de livraison.<\/p><p>Nous mettons tout en oeuvre pour la s\u00e9curit\u00e9 de vos donn\u00e9es en lien avec le prestataire de commerce : woocommerce et notre service de messagerie \u00e9lectronique gmail.<\/p><p>Vos donn\u00e9es de facturation sont conserv\u00e9es pendant 6 ans.<\/p><p>\u00a0<\/p><p>\u00a0<\/p><\/div>\n\t\t\t\t\t\t\t\t\t<div class=\"elementor-tab-title elementor-tab-mobile-title\" aria-selected=\"false\" data-tab=\"4\" role=\"tab\" tabindex=\"-1\" aria-controls=\"elementor-tab-content-3414\" aria-expanded=\"false\">Informations L\u00e9gales<\/div>\n\t\t\t\t\t<div id=\"elementor-tab-content-3414\" class=\"elementor-tab-content elementor-clearfix\" data-tab=\"4\" role=\"tabpanel\" aria-labelledby=\"elementor-tab-title-3414\" tabindex=\"0\" hidden=\"hidden\"><div class=\"elementor-element-overlay\">\u00a0<\/div><div class=\"elementor-column-wrap elementor-element-populated\"><div class=\"elementor-widget-wrap ui-sortable\"><div class=\"elementor-element elementor-element-edit-mode elementor-element-58509651 elementor-widget ui-sortable-handle elementor-widget-text-editor elementor-widget-can-edit\" data-id=\"58509651\" data-element_type=\"text-editor.default\" data-model-cid=\"c14\"><div class=\"elementor-element-overlay\">\u00a0<\/div><div class=\"elementor-widget-container\"><div class=\"elementor-text-editor elementor-clearfix elementor-inline-editing\" data-elementor-setting-key=\"editor\" data-elementor-inline-editing-toolbar=\"advanced\"><div class=\"rte\"><p>JN Duval\u00a0<\/p><\/div><div class=\"rte\">T\u00e9l\u00e9phone\u00a0: 06.75.74.01.36\u00a0<\/div><div class=\"rte\"><p>Num\u00e9ro de Siret\u00a0:\u00a053740954200025<\/p><div class=\"bsi-aci\">TVA non applicable, art. 293B du CGI<\/div><\/div><div>\u00a0<\/div><div class=\"rte\"><div><span style=\"text-decoration: underline;\">H\u00e9bergement du site internet :<\/span><\/div><div>SAS OVH &#8211;\u00a0<a id=\"LPlnk960439\" href=\"https:\/\/www.ovh.com\/\" target=\"_blank\" rel=\"noopener noreferrer\">https:\/\/www.ovh.com\/<\/a><br \/>2 rue Kellermann<br \/>BP 80157<br \/>59100 Roubaix<\/div><\/div><\/div><\/div><\/div><\/div><\/div><\/div>\n\t\t\t\t\t\t\t<\/div>\n\t\t<\/div>\n\t\t\t\t<\/div>\n\t\t\t\t<\/div>\n\t\t\t\t\t\t<\/div>\n\t\t\t\t\t<\/div>\n\t\t<\/div>\n\t\t\t\t\t\t\t\t<\/div>\n\t\t\t\t\t<\/div>\n\t\t<\/section>\n\t\t\t\t\t\t\t\t\t<\/div>\n\t\t\t<\/div>\n\t\t\t\t\t<\/div>\n\t\t","protected":false},"excerpt":{"rendered":"<p>Paiement Livraison Conditions G\u00e9n\u00e9rales de Ventes Informations L\u00e9gales Paiement La commande est valid\u00e9e une fois le paiement r\u00e9alis\u00e9 avec Paypal Le paiement est exclusivement r\u00e9alis\u00e9 avec Paypal que le client poss\u00e8de un compte Paypal ou bien paye avec Paypal via une carte bancaire. A la r\u00e9ception du paiement, nous r\u00e9alisons &hellip;<\/p>\n","protected":false},"author":1,"featured_media":0,"parent":0,"menu_order":0,"comment_status":"closed","ping_status":"closed","template":"","meta":{"ngg_post_thumbnail":0,"spay_email":""},"yoast_head":"<!-- This site is optimized with the Yoast SEO plugin v19.0 - https:\/\/yoast.com\/wordpress\/plugins\/seo\/ -->\n<title>Informations L\u00e9gales &amp; CGV - Polypictures<\/title>\n<meta name=\"robots\" content=\"index, follow, max-snippet:-1, max-image-preview:large, max-video-preview:-1\" \/>\n<link rel=\"canonical\" href=\"https:\/\/polypictures.fr\/deco-ambiance\/index.php\/informations-legales-cgv\/\" \/>\n<meta property=\"og:locale\" content=\"fr_FR\" \/>\n<meta property=\"og:type\" content=\"article\" \/>\n<meta property=\"og:title\" content=\"Informations L\u00e9gales &amp; CGV - Polypictures\" \/>\n<meta property=\"og:description\" content=\"Paiement Livraison Conditions G\u00e9n\u00e9rales de Ventes Informations L\u00e9gales Paiement La commande est valid\u00e9e une fois le paiement r\u00e9alis\u00e9 avec Paypal Le paiement est exclusivement r\u00e9alis\u00e9 avec Paypal que le client poss\u00e8de un compte Paypal ou bien paye avec Paypal via une carte bancaire. A la r\u00e9ception du paiement, nous r\u00e9alisons &hellip;\" \/>\n<meta property=\"og:url\" content=\"https:\/\/polypictures.fr\/deco-ambiance\/index.php\/informations-legales-cgv\/\" \/>\n<meta property=\"og:site_name\" content=\"Polypictures\" \/>\n<meta property=\"article:publisher\" content=\"https:\/\/www.facebook.com\/Polypictures\/?ref=bookmarks\" \/>\n<meta property=\"article:modified_time\" content=\"2019-10-16T18:19:40+00:00\" \/>\n<meta property=\"og:image\" content=\"https:\/\/www.paypalobjects.com\/webstatic\/mktg\/logo-center\/logo_paypal_moyens_paiement_fr.jpg\" \/>\n<meta name=\"twitter:card\" content=\"summary_large_image\" \/>\n<meta name=\"twitter:label1\" content=\"Dur\u00e9e de lecture estim\u00e9e\" \/>\n\t<meta name=\"twitter:data1\" content=\"6 minutes\" \/>\n<script type=\"application\/ld+json\" class=\"yoast-schema-graph\">{\"@context\":\"https:\/\/schema.org\",\"@graph\":[{\"@type\":\"Organization\",\"@id\":\"https:\/\/polypictures.fr\/deco-ambiance\/#organization\",\"name\":\"Polypictures\",\"url\":\"https:\/\/polypictures.fr\/deco-ambiance\/\",\"sameAs\":[\"https:\/\/www.facebook.com\/Polypictures\/?ref=bookmarks\"],\"logo\":{\"@type\":\"ImageObject\",\"inLanguage\":\"fr-FR\",\"@id\":\"https:\/\/polypictures.fr\/deco-ambiance\/#\/schema\/logo\/image\/\",\"url\":\"https:\/\/polypictures.fr\/deco-ambiance\/wp-content\/uploads\/2018\/02\/0485-copie-s\u00e9pia-carr\u00e9-copie.jpg\",\"contentUrl\":\"https:\/\/polypictures.fr\/deco-ambiance\/wp-content\/uploads\/2018\/02\/0485-copie-s\u00e9pia-carr\u00e9-copie.jpg\",\"width\":150,\"height\":150,\"caption\":\"Polypictures\"},\"image\":{\"@id\":\"https:\/\/polypictures.fr\/deco-ambiance\/#\/schema\/logo\/image\/\"}},{\"@type\":\"WebSite\",\"@id\":\"https:\/\/polypictures.fr\/deco-ambiance\/#website\",\"url\":\"https:\/\/polypictures.fr\/deco-ambiance\/\",\"name\":\"Polypictures\",\"description\":\"reproductions de photos anciennes\",\"publisher\":{\"@id\":\"https:\/\/polypictures.fr\/deco-ambiance\/#organization\"},\"potentialAction\":[{\"@type\":\"SearchAction\",\"target\":{\"@type\":\"EntryPoint\",\"urlTemplate\":\"https:\/\/polypictures.fr\/deco-ambiance\/?s={search_term_string}\"},\"query-input\":\"required name=search_term_string\"}],\"inLanguage\":\"fr-FR\"},{\"@type\":\"ImageObject\",\"inLanguage\":\"fr-FR\",\"@id\":\"https:\/\/polypictures.fr\/deco-ambiance\/index.php\/informations-legales-cgv\/#primaryimage\",\"url\":\"https:\/\/www.paypalobjects.com\/webstatic\/mktg\/logo-center\/logo_paypal_moyens_paiement_fr.jpg\",\"contentUrl\":\"https:\/\/www.paypalobjects.com\/webstatic\/mktg\/logo-center\/logo_paypal_moyens_paiement_fr.jpg\"},{\"@type\":\"WebPage\",\"@id\":\"https:\/\/polypictures.fr\/deco-ambiance\/index.php\/informations-legales-cgv\/#webpage\",\"url\":\"https:\/\/polypictures.fr\/deco-ambiance\/index.php\/informations-legales-cgv\/\",\"name\":\"Informations L\u00e9gales & CGV - Polypictures\",\"isPartOf\":{\"@id\":\"https:\/\/polypictures.fr\/deco-ambiance\/#website\"},\"primaryImageOfPage\":{\"@id\":\"https:\/\/polypictures.fr\/deco-ambiance\/index.php\/informations-legales-cgv\/#primaryimage\"},\"datePublished\":\"2018-01-15T15:07:25+00:00\",\"dateModified\":\"2019-10-16T18:19:40+00:00\",\"breadcrumb\":{\"@id\":\"https:\/\/polypictures.fr\/deco-ambiance\/index.php\/informations-legales-cgv\/#breadcrumb\"},\"inLanguage\":\"fr-FR\",\"potentialAction\":[{\"@type\":\"ReadAction\",\"target\":[\"https:\/\/polypictures.fr\/deco-ambiance\/index.php\/informations-legales-cgv\/\"]}]},{\"@type\":\"BreadcrumbList\",\"@id\":\"https:\/\/polypictures.fr\/deco-ambiance\/index.php\/informations-legales-cgv\/#breadcrumb\",\"itemListElement\":[{\"@type\":\"ListItem\",\"position\":1,\"name\":\"Accueil\",\"item\":\"https:\/\/polypictures.fr\/deco-ambiance\/\"},{\"@type\":\"ListItem\",\"position\":2,\"name\":\"Informations L\u00e9gales &#038; CGV\"}]}]}<\/script>\n<!-- \/ Yoast SEO plugin. -->","yoast_head_json":{"title":"Informations L\u00e9gales & CGV - Polypictures","robots":{"index":"index","follow":"follow","max-snippet":"max-snippet:-1","max-image-preview":"max-image-preview:large","max-video-preview":"max-video-preview:-1"},"canonical":"https:\/\/polypictures.fr\/deco-ambiance\/index.php\/informations-legales-cgv\/","og_locale":"fr_FR","og_type":"article","og_title":"Informations L\u00e9gales & CGV - Polypictures","og_description":"Paiement Livraison Conditions G\u00e9n\u00e9rales de Ventes Informations L\u00e9gales Paiement La commande est valid\u00e9e une fois le paiement r\u00e9alis\u00e9 avec Paypal Le paiement est exclusivement r\u00e9alis\u00e9 avec Paypal que le client poss\u00e8de un compte Paypal ou bien paye avec Paypal via une carte bancaire. A la r\u00e9ception du paiement, nous r\u00e9alisons &hellip;","og_url":"https:\/\/polypictures.fr\/deco-ambiance\/index.php\/informations-legales-cgv\/","og_site_name":"Polypictures","article_publisher":"https:\/\/www.facebook.com\/Polypictures\/?ref=bookmarks","article_modified_time":"2019-10-16T18:19:40+00:00","og_image":[{"url":"https:\/\/www.paypalobjects.com\/webstatic\/mktg\/logo-center\/logo_paypal_moyens_paiement_fr.jpg"}],"twitter_card":"summary_large_image","twitter_misc":{"Dur\u00e9e de lecture estim\u00e9e":"6 minutes"},"schema":{"@context":"https:\/\/schema.org","@graph":[{"@type":"Organization","@id":"https:\/\/polypictures.fr\/deco-ambiance\/#organization","name":"Polypictures","url":"https:\/\/polypictures.fr\/deco-ambiance\/","sameAs":["https:\/\/www.facebook.com\/Polypictures\/?ref=bookmarks"],"logo":{"@type":"ImageObject","inLanguage":"fr-FR","@id":"https:\/\/polypictures.fr\/deco-ambiance\/#\/schema\/logo\/image\/","url":"https:\/\/polypictures.fr\/deco-ambiance\/wp-content\/uploads\/2018\/02\/0485-copie-s\u00e9pia-carr\u00e9-copie.jpg","contentUrl":"https:\/\/polypictures.fr\/deco-ambiance\/wp-content\/uploads\/2018\/02\/0485-copie-s\u00e9pia-carr\u00e9-copie.jpg","width":150,"height":150,"caption":"Polypictures"},"image":{"@id":"https:\/\/polypictures.fr\/deco-ambiance\/#\/schema\/logo\/image\/"}},{"@type":"WebSite","@id":"https:\/\/polypictures.fr\/deco-ambiance\/#website","url":"https:\/\/polypictures.fr\/deco-ambiance\/","name":"Polypictures","description":"reproductions de photos anciennes","publisher":{"@id":"https:\/\/polypictures.fr\/deco-ambiance\/#organization"},"potentialAction":[{"@type":"SearchAction","target":{"@type":"EntryPoint","urlTemplate":"https:\/\/polypictures.fr\/deco-ambiance\/?s={search_term_string}"},"query-input":"required name=search_term_string"}],"inLanguage":"fr-FR"},{"@type":"ImageObject","inLanguage":"fr-FR","@id":"https:\/\/polypictures.fr\/deco-ambiance\/index.php\/informations-legales-cgv\/#primaryimage","url":"https:\/\/www.paypalobjects.com\/webstatic\/mktg\/logo-center\/logo_paypal_moyens_paiement_fr.jpg","contentUrl":"https:\/\/www.paypalobjects.com\/webstatic\/mktg\/logo-center\/logo_paypal_moyens_paiement_fr.jpg"},{"@type":"WebPage","@id":"https:\/\/polypictures.fr\/deco-ambiance\/index.php\/informations-legales-cgv\/#webpage","url":"https:\/\/polypictures.fr\/deco-ambiance\/index.php\/informations-legales-cgv\/","name":"Informations L\u00e9gales & CGV - Polypictures","isPartOf":{"@id":"https:\/\/polypictures.fr\/deco-ambiance\/#website"},"primaryImageOfPage":{"@id":"https:\/\/polypictures.fr\/deco-ambiance\/index.php\/informations-legales-cgv\/#primaryimage"},"datePublished":"2018-01-15T15:07:25+00:00","dateModified":"2019-10-16T18:19:40+00:00","breadcrumb":{"@id":"https:\/\/polypictures.fr\/deco-ambiance\/index.php\/informations-legales-cgv\/#breadcrumb"},"inLanguage":"fr-FR","potentialAction":[{"@type":"ReadAction","target":["https:\/\/polypictures.fr\/deco-ambiance\/index.php\/informations-legales-cgv\/"]}]},{"@type":"BreadcrumbList","@id":"https:\/\/polypictures.fr\/deco-ambiance\/index.php\/informations-legales-cgv\/#breadcrumb","itemListElement":[{"@type":"ListItem","position":1,"name":"Accueil","item":"https:\/\/polypictures.fr\/deco-ambiance\/"},{"@type":"ListItem","position":2,"name":"Informations L\u00e9gales &#038; CGV"}]}]}},"jetpack_sharing_enabled":true,"jetpack_shortlink":"https:\/\/wp.me\/P9ETzx-37","_links":{"self":[{"href":"https:\/\/polypictures.fr\/deco-ambiance\/index.php\/wp-json\/wp\/v2\/pages\/193"}],"collection":[{"href":"https:\/\/polypictures.fr\/deco-ambiance\/index.php\/wp-json\/wp\/v2\/pages"}],"about":[{"href":"https:\/\/polypictures.fr\/deco-ambiance\/index.php\/wp-json\/wp\/v2\/types\/page"}],"author":[{"embeddable":true,"href":"https:\/\/polypictures.fr\/deco-ambiance\/index.php\/wp-json\/wp\/v2\/users\/1"}],"replies":[{"embeddable":true,"href":"https:\/\/polypictures.fr\/deco-ambiance\/index.php\/wp-json\/wp\/v2\/comments?post=193"}],"version-history":[{"count":3,"href":"https:\/\/polypictures.fr\/deco-ambiance\/index.php\/wp-json\/wp\/v2\/pages\/193\/revisions"}],"predecessor-version":[{"id":1791,"href":"https:\/\/polypictures.fr\/deco-ambiance\/index.php\/wp-json\/wp\/v2\/pages\/193\/revisions\/1791"}],"wp:attachment":[{"href":"https:\/\/polypictures.fr\/deco-ambiance\/index.php\/wp-json\/wp\/v2\/media?parent=193"}],"curies":[{"name":"wp","href":"https:\/\/api.w.org\/{rel}","templated":true}]}}