{"id":1390,"date":"2018-09-25T02:57:16","date_gmt":"2018-09-25T00:57:16","guid":{"rendered":"https:\/\/polypictures.fr\/deco-ambiance\/?page_id=1390"},"modified":"2018-09-25T02:58:58","modified_gmt":"2018-09-25T00:58:58","slug":"informations-legales","status":"publish","type":"page","link":"https:\/\/polypictures.fr\/deco-ambiance\/index.php\/informations-legales\/","title":{"rendered":"Informations L\u00e9gales"},"content":{"rendered":"\t\t<div data-elementor-type=\"wp-post\" data-elementor-id=\"1390\" class=\"elementor elementor-1390 elementor-bc-flex-widget\">\n\t\t\t\t\t\t<div class=\"elementor-inner\">\n\t\t\t\t<div class=\"elementor-section-wrap\">\n\t\t\t\t\t\t\t\t\t<section class=\"elementor-section elementor-top-section elementor-element elementor-element-444c800 elementor-section-boxed elementor-section-height-default elementor-section-height-default\" data-id=\"444c800\" data-element_type=\"section\">\n\t\t\t\t\t\t<div class=\"elementor-container elementor-column-gap-default\">\n\t\t\t\t\t\t\t<div class=\"elementor-row\">\n\t\t\t\t\t<div class=\"elementor-column elementor-col-100 elementor-top-column elementor-element elementor-element-d4957a3\" data-id=\"d4957a3\" data-element_type=\"column\">\n\t\t\t<div class=\"elementor-column-wrap elementor-element-populated\">\n\t\t\t\t\t\t\t<div class=\"elementor-widget-wrap\">\n\t\t\t\t\t\t<div class=\"elementor-element elementor-element-40cca75 elementor-tabs-view-horizontal elementor-widget elementor-widget-tabs\" data-id=\"40cca75\" data-element_type=\"widget\" data-widget_type=\"tabs.default\">\n\t\t\t\t<div class=\"elementor-widget-container\">\n\t\t\t\t\t<div class=\"elementor-tabs\">\n\t\t\t<div class=\"elementor-tabs-wrapper\" role=\"tablist\" >\n\t\t\t\t\t\t\t\t\t<div id=\"elementor-tab-title-6791\" class=\"elementor-tab-title elementor-tab-desktop-title\" aria-selected=\"true\" data-tab=\"1\" role=\"tab\" tabindex=\"0\" aria-controls=\"elementor-tab-content-6791\" aria-expanded=\"false\"><a href=\"\">Informations L\u00e9gales<\/a><\/div>\n\t\t\t\t\t\t\t<\/div>\n\t\t\t<div class=\"elementor-tabs-content-wrapper\" role=\"tablist\" aria-orientation=\"vertical\">\n\t\t\t\t\t\t\t\t\t<div class=\"elementor-tab-title elementor-tab-mobile-title\" aria-selected=\"true\" data-tab=\"1\" role=\"tab\" tabindex=\"0\" aria-controls=\"elementor-tab-content-6791\" aria-expanded=\"false\">Informations L\u00e9gales<\/div>\n\t\t\t\t\t<div id=\"elementor-tab-content-6791\" class=\"elementor-tab-content elementor-clearfix\" data-tab=\"1\" role=\"tabpanel\" aria-labelledby=\"elementor-tab-title-6791\" tabindex=\"0\" hidden=\"false\"><div class=\"elementor-element-overlay\">\u00a0<\/div><div class=\"elementor-column-wrap elementor-element-populated\"><div class=\"elementor-widget-wrap ui-sortable\"><div class=\"elementor-element elementor-element-edit-mode elementor-element-58509651 elementor-widget ui-sortable-handle elementor-widget-text-editor elementor-widget-can-edit\" data-id=\"58509651\" data-element_type=\"text-editor.default\" data-model-cid=\"c14\"><div class=\"elementor-element-overlay\">\u00a0<\/div><div class=\"elementor-widget-container\"><div class=\"elementor-text-editor elementor-clearfix elementor-inline-editing\" data-elementor-setting-key=\"editor\" data-elementor-inline-editing-toolbar=\"advanced\"><div class=\"rte\"><p>JN Duval\u00a0<\/p><\/div><div class=\"rte\">T\u00e9l\u00e9phone\u00a0: 06.75.74.01.36\u00a0<\/div><div class=\"rte\"><p>Num\u00e9ro de Siret\u00a0:\u00a053740954200025<\/p><div class=\"bsi-aci\">TVA non applicable, art. 293B du CGI<\/div><\/div><div>\u00a0<\/div><div class=\"rte\"><div><span style=\"text-decoration: underline;\">H\u00e9bergement du site internet :<\/span><\/div><div>SAS OVH &#8211;\u00a0<a id=\"LPlnk960439\" href=\"https:\/\/www.ovh.com\/\" target=\"_blank\" rel=\"noopener noreferrer\">https:\/\/www.ovh.com\/<\/a><br \/>2 rue Kellermann<br \/>BP 80157<br \/>59100 Roubaix<\/div><\/div><\/div><\/div><\/div><\/div><\/div><\/div>\n\t\t\t\t\t\t\t<\/div>\n\t\t<\/div>\n\t\t\t\t<\/div>\n\t\t\t\t<\/div>\n\t\t\t\t\t\t<\/div>\n\t\t\t\t\t<\/div>\n\t\t<\/div>\n\t\t\t\t\t\t\t\t<\/div>\n\t\t\t\t\t<\/div>\n\t\t<\/section>\n\t\t\t\t\t\t\t\t\t<\/div>\n\t\t\t<\/div>\n\t\t\t\t\t<\/div>\n\t\t","protected":false},"excerpt":{"rendered":"<p>Informations L\u00e9gales Informations L\u00e9gales \u00a0\u00a0 JN Duval\u00a0 T\u00e9l\u00e9phone\u00a0: 06.75.74.01.36\u00a0 Num\u00e9ro de Siret\u00a0:\u00a053740954200025 TVA non applicable, art. 293B du CGI\u00a0H\u00e9bergement du site internet :SAS OVH &#8211;\u00a0https:\/\/www.ovh.com\/2 rue KellermannBP 8015759100 Roubaix<\/p>\n","protected":false},"author":1,"featured_media":0,"parent":0,"menu_order":0,"comment_status":"closed","ping_status":"closed","template":"","meta":{"ngg_post_thumbnail":0,"spay_email":""},"yoast_head":"<!-- This site is optimized with the Yoast SEO plugin v19.0 - https:\/\/yoast.com\/wordpress\/plugins\/seo\/ -->\n<title>Informations L\u00e9gales - Polypictures<\/title>\n<meta name=\"robots\" content=\"index, follow, max-snippet:-1, max-image-preview:large, max-video-preview:-1\" \/>\n<link rel=\"canonical\" href=\"https:\/\/polypictures.fr\/deco-ambiance\/index.php\/informations-legales\/\" \/>\n<meta property=\"og:locale\" content=\"fr_FR\" \/>\n<meta property=\"og:type\" content=\"article\" \/>\n<meta property=\"og:title\" content=\"Informations L\u00e9gales - Polypictures\" \/>\n<meta property=\"og:description\" content=\"Informations L\u00e9gales Informations L\u00e9gales \u00a0\u00a0 JN Duval\u00a0 T\u00e9l\u00e9phone\u00a0: 06.75.74.01.36\u00a0 Num\u00e9ro de Siret\u00a0:\u00a053740954200025 TVA non applicable, art. 293B du CGI\u00a0H\u00e9bergement du site internet :SAS OVH &#8211;\u00a0https:\/\/www.ovh.com\/2 rue KellermannBP 8015759100 Roubaix\" \/>\n<meta property=\"og:url\" content=\"https:\/\/polypictures.fr\/deco-ambiance\/index.php\/informations-legales\/\" \/>\n<meta property=\"og:site_name\" content=\"Polypictures\" \/>\n<meta property=\"article:publisher\" content=\"https:\/\/www.facebook.com\/Polypictures\/?ref=bookmarks\" \/>\n<meta property=\"article:modified_time\" content=\"2018-09-25T00:58:58+00:00\" \/>\n<meta name=\"twitter:card\" content=\"summary_large_image\" \/>\n<script type=\"application\/ld+json\" class=\"yoast-schema-graph\">{\"@context\":\"https:\/\/schema.org\",\"@graph\":[{\"@type\":\"Organization\",\"@id\":\"https:\/\/polypictures.fr\/deco-ambiance\/#organization\",\"name\":\"Polypictures\",\"url\":\"https:\/\/polypictures.fr\/deco-ambiance\/\",\"sameAs\":[\"https:\/\/www.facebook.com\/Polypictures\/?ref=bookmarks\"],\"logo\":{\"@type\":\"ImageObject\",\"inLanguage\":\"fr-FR\",\"@id\":\"https:\/\/polypictures.fr\/deco-ambiance\/#\/schema\/logo\/image\/\",\"url\":\"https:\/\/polypictures.fr\/deco-ambiance\/wp-content\/uploads\/2018\/02\/0485-copie-s\u00e9pia-carr\u00e9-copie.jpg\",\"contentUrl\":\"https:\/\/polypictures.fr\/deco-ambiance\/wp-content\/uploads\/2018\/02\/0485-copie-s\u00e9pia-carr\u00e9-copie.jpg\",\"width\":150,\"height\":150,\"caption\":\"Polypictures\"},\"image\":{\"@id\":\"https:\/\/polypictures.fr\/deco-ambiance\/#\/schema\/logo\/image\/\"}},{\"@type\":\"WebSite\",\"@id\":\"https:\/\/polypictures.fr\/deco-ambiance\/#website\",\"url\":\"https:\/\/polypictures.fr\/deco-ambiance\/\",\"name\":\"Polypictures\",\"description\":\"reproductions de photos anciennes\",\"publisher\":{\"@id\":\"https:\/\/polypictures.fr\/deco-ambiance\/#organization\"},\"potentialAction\":[{\"@type\":\"SearchAction\",\"target\":{\"@type\":\"EntryPoint\",\"urlTemplate\":\"https:\/\/polypictures.fr\/deco-ambiance\/?s={search_term_string}\"},\"query-input\":\"required name=search_term_string\"}],\"inLanguage\":\"fr-FR\"},{\"@type\":\"WebPage\",\"@id\":\"https:\/\/polypictures.fr\/deco-ambiance\/index.php\/informations-legales\/#webpage\",\"url\":\"https:\/\/polypictures.fr\/deco-ambiance\/index.php\/informations-legales\/\",\"name\":\"Informations L\u00e9gales - Polypictures\",\"isPartOf\":{\"@id\":\"https:\/\/polypictures.fr\/deco-ambiance\/#website\"},\"datePublished\":\"2018-09-25T00:57:16+00:00\",\"dateModified\":\"2018-09-25T00:58:58+00:00\",\"breadcrumb\":{\"@id\":\"https:\/\/polypictures.fr\/deco-ambiance\/index.php\/informations-legales\/#breadcrumb\"},\"inLanguage\":\"fr-FR\",\"potentialAction\":[{\"@type\":\"ReadAction\",\"target\":[\"https:\/\/polypictures.fr\/deco-ambiance\/index.php\/informations-legales\/\"]}]},{\"@type\":\"BreadcrumbList\",\"@id\":\"https:\/\/polypictures.fr\/deco-ambiance\/index.php\/informations-legales\/#breadcrumb\",\"itemListElement\":[{\"@type\":\"ListItem\",\"position\":1,\"name\":\"Accueil\",\"item\":\"https:\/\/polypictures.fr\/deco-ambiance\/\"},{\"@type\":\"ListItem\",\"position\":2,\"name\":\"Informations L\u00e9gales\"}]}]}<\/script>\n<!-- \/ Yoast SEO plugin. -->","yoast_head_json":{"title":"Informations L\u00e9gales - Polypictures","robots":{"index":"index","follow":"follow","max-snippet":"max-snippet:-1","max-image-preview":"max-image-preview:large","max-video-preview":"max-video-preview:-1"},"canonical":"https:\/\/polypictures.fr\/deco-ambiance\/index.php\/informations-legales\/","og_locale":"fr_FR","og_type":"article","og_title":"Informations L\u00e9gales - Polypictures","og_description":"Informations L\u00e9gales Informations L\u00e9gales \u00a0\u00a0 JN Duval\u00a0 T\u00e9l\u00e9phone\u00a0: 06.75.74.01.36\u00a0 Num\u00e9ro de Siret\u00a0:\u00a053740954200025 TVA non applicable, art. 293B du CGI\u00a0H\u00e9bergement du site internet :SAS OVH &#8211;\u00a0https:\/\/www.ovh.com\/2 rue KellermannBP 8015759100 Roubaix","og_url":"https:\/\/polypictures.fr\/deco-ambiance\/index.php\/informations-legales\/","og_site_name":"Polypictures","article_publisher":"https:\/\/www.facebook.com\/Polypictures\/?ref=bookmarks","article_modified_time":"2018-09-25T00:58:58+00:00","twitter_card":"summary_large_image","schema":{"@context":"https:\/\/schema.org","@graph":[{"@type":"Organization","@id":"https:\/\/polypictures.fr\/deco-ambiance\/#organization","name":"Polypictures","url":"https:\/\/polypictures.fr\/deco-ambiance\/","sameAs":["https:\/\/www.facebook.com\/Polypictures\/?ref=bookmarks"],"logo":{"@type":"ImageObject","inLanguage":"fr-FR","@id":"https:\/\/polypictures.fr\/deco-ambiance\/#\/schema\/logo\/image\/","url":"https:\/\/polypictures.fr\/deco-ambiance\/wp-content\/uploads\/2018\/02\/0485-copie-s\u00e9pia-carr\u00e9-copie.jpg","contentUrl":"https:\/\/polypictures.fr\/deco-ambiance\/wp-content\/uploads\/2018\/02\/0485-copie-s\u00e9pia-carr\u00e9-copie.jpg","width":150,"height":150,"caption":"Polypictures"},"image":{"@id":"https:\/\/polypictures.fr\/deco-ambiance\/#\/schema\/logo\/image\/"}},{"@type":"WebSite","@id":"https:\/\/polypictures.fr\/deco-ambiance\/#website","url":"https:\/\/polypictures.fr\/deco-ambiance\/","name":"Polypictures","description":"reproductions de photos anciennes","publisher":{"@id":"https:\/\/polypictures.fr\/deco-ambiance\/#organization"},"potentialAction":[{"@type":"SearchAction","target":{"@type":"EntryPoint","urlTemplate":"https:\/\/polypictures.fr\/deco-ambiance\/?s={search_term_string}"},"query-input":"required name=search_term_string"}],"inLanguage":"fr-FR"},{"@type":"WebPage","@id":"https:\/\/polypictures.fr\/deco-ambiance\/index.php\/informations-legales\/#webpage","url":"https:\/\/polypictures.fr\/deco-ambiance\/index.php\/informations-legales\/","name":"Informations L\u00e9gales - Polypictures","isPartOf":{"@id":"https:\/\/polypictures.fr\/deco-ambiance\/#website"},"datePublished":"2018-09-25T00:57:16+00:00","dateModified":"2018-09-25T00:58:58+00:00","breadcrumb":{"@id":"https:\/\/polypictures.fr\/deco-ambiance\/index.php\/informations-legales\/#breadcrumb"},"inLanguage":"fr-FR","potentialAction":[{"@type":"ReadAction","target":["https:\/\/polypictures.fr\/deco-ambiance\/index.php\/informations-legales\/"]}]},{"@type":"BreadcrumbList","@id":"https:\/\/polypictures.fr\/deco-ambiance\/index.php\/informations-legales\/#breadcrumb","itemListElement":[{"@type":"ListItem","position":1,"name":"Accueil","item":"https:\/\/polypictures.fr\/deco-ambiance\/"},{"@type":"ListItem","position":2,"name":"Informations L\u00e9gales"}]}]}},"jetpack_sharing_enabled":true,"jetpack_shortlink":"https:\/\/wp.me\/P9ETzx-mq","_links":{"self":[{"href":"https:\/\/polypictures.fr\/deco-ambiance\/index.php\/wp-json\/wp\/v2\/pages\/1390"}],"collection":[{"href":"https:\/\/polypictures.fr\/deco-ambiance\/index.php\/wp-json\/wp\/v2\/pages"}],"about":[{"href":"https:\/\/polypictures.fr\/deco-ambiance\/index.php\/wp-json\/wp\/v2\/types\/page"}],"author":[{"embeddable":true,"href":"https:\/\/polypictures.fr\/deco-ambiance\/index.php\/wp-json\/wp\/v2\/users\/1"}],"replies":[{"embeddable":true,"href":"https:\/\/polypictures.fr\/deco-ambiance\/index.php\/wp-json\/wp\/v2\/comments?post=1390"}],"version-history":[{"count":0,"href":"https:\/\/polypictures.fr\/deco-ambiance\/index.php\/wp-json\/wp\/v2\/pages\/1390\/revisions"}],"wp:attachment":[{"href":"https:\/\/polypictures.fr\/deco-ambiance\/index.php\/wp-json\/wp\/v2\/media?parent=1390"}],"curies":[{"name":"wp","href":"https:\/\/api.w.org\/{rel}","templated":true}]}}