{"id":1385,"date":"2018-09-25T02:53:48","date_gmt":"2018-09-25T00:53:48","guid":{"rendered":"https:\/\/polypictures.fr\/deco-ambiance\/?page_id=1385"},"modified":"2018-12-21T22:14:52","modified_gmt":"2018-12-21T21:14:52","slug":"tirages-grand-format","status":"publish","type":"page","link":"https:\/\/polypictures.fr\/deco-ambiance\/index.php\/tirages-grand-format\/","title":{"rendered":"Tirages grand format"},"content":{"rendered":"\t\t<div data-elementor-type=\"wp-post\" data-elementor-id=\"1385\" class=\"elementor elementor-1385 elementor-bc-flex-widget\">\n\t\t\t\t\t\t<div class=\"elementor-inner\">\n\t\t\t\t<div class=\"elementor-section-wrap\">\n\t\t\t\t\t\t\t\t\t<section class=\"elementor-section elementor-top-section elementor-element elementor-element-26023a9 elementor-section-boxed elementor-section-height-default elementor-section-height-default\" data-id=\"26023a9\" data-element_type=\"section\">\n\t\t\t\t\t\t<div class=\"elementor-container elementor-column-gap-default\">\n\t\t\t\t\t\t\t<div class=\"elementor-row\">\n\t\t\t\t\t<div class=\"elementor-column elementor-col-100 elementor-top-column elementor-element elementor-element-c53a04f\" data-id=\"c53a04f\" data-element_type=\"column\">\n\t\t\t<div class=\"elementor-column-wrap elementor-element-populated\">\n\t\t\t\t\t\t\t<div class=\"elementor-widget-wrap\">\n\t\t\t\t\t\t<div class=\"elementor-element elementor-element-807546c elementor-widget elementor-widget-spacer\" data-id=\"807546c\" data-element_type=\"widget\" data-widget_type=\"spacer.default\">\n\t\t\t\t<div class=\"elementor-widget-container\">\n\t\t\t\t\t<div class=\"elementor-spacer\">\n\t\t\t<div class=\"elementor-spacer-inner\"><\/div>\n\t\t<\/div>\n\t\t\t\t<\/div>\n\t\t\t\t<\/div>\n\t\t\t\t\t\t<\/div>\n\t\t\t\t\t<\/div>\n\t\t<\/div>\n\t\t\t\t\t\t\t\t<\/div>\n\t\t\t\t\t<\/div>\n\t\t<\/section>\n\t\t\t\t<section class=\"elementor-section elementor-top-section elementor-element elementor-element-fcbebfa elementor-section-boxed elementor-section-height-default elementor-section-height-default\" data-id=\"fcbebfa\" data-element_type=\"section\">\n\t\t\t\t\t\t<div class=\"elementor-container elementor-column-gap-default\">\n\t\t\t\t\t\t\t<div class=\"elementor-row\">\n\t\t\t\t\t<div class=\"elementor-column elementor-col-100 elementor-top-column elementor-element elementor-element-2f5efe1\" data-id=\"2f5efe1\" data-element_type=\"column\">\n\t\t\t<div class=\"elementor-column-wrap elementor-element-populated\">\n\t\t\t\t\t\t\t<div class=\"elementor-widget-wrap\">\n\t\t\t\t\t\t<div class=\"elementor-element elementor-element-e525cc6 elementor-widget elementor-widget-text-editor\" data-id=\"e525cc6\" data-element_type=\"widget\" data-widget_type=\"text-editor.default\">\n\t\t\t\t<div class=\"elementor-widget-container\">\n\t\t\t\t\t\t\t\t<div class=\"elementor-text-editor elementor-clearfix\">\n\t\t\t\t<p style=\"text-align: justify;\">La plupart de nos tirages photographiques sont disponibles dans des tailles sup\u00e9rieures \u00e0 20 x 20 cm \/ 29 x 20 cm.\u00a0<\/p><p style=\"text-align: justify;\">Nous nous adaptons \u00e0 votre demande et chaque tirage peut \u00eatre r\u00e9alis\u00e9 dans le format et les tailles que vous souhaitez. C&rsquo;est un rendu de qualit\u00e9 professionnel qui vous attend, avec une grande finesse de r\u00e9alisation, pour une photo qui sera du plus bel effet dans le lieu que vous lui destinez. <br \/>N&rsquo;h\u00e9sitez pas \u00e0 <a href=\"https:\/\/polypictures.fr\/deco-ambiance\/index.php\/contactez-nous\/\" target=\"_blank\" rel=\"noopener\">nous \u00e9crire<\/a>\u00a0pour plus de d\u00e9tails.<\/p>\t\t\t\t\t<\/div>\n\t\t\t\t\t\t<\/div>\n\t\t\t\t<\/div>\n\t\t\t\t\t\t<\/div>\n\t\t\t\t\t<\/div>\n\t\t<\/div>\n\t\t\t\t\t\t\t\t<\/div>\n\t\t\t\t\t<\/div>\n\t\t<\/section>\n\t\t\t\t<section class=\"elementor-section elementor-top-section elementor-element elementor-element-ec18916 elementor-section-boxed elementor-section-height-default elementor-section-height-default\" data-id=\"ec18916\" data-element_type=\"section\">\n\t\t\t\t\t\t<div class=\"elementor-container elementor-column-gap-default\">\n\t\t\t\t\t\t\t<div class=\"elementor-row\">\n\t\t\t\t\t<div class=\"elementor-column elementor-col-50 elementor-top-column elementor-element elementor-element-6aeb447\" data-id=\"6aeb447\" data-element_type=\"column\">\n\t\t\t<div class=\"elementor-column-wrap elementor-element-populated\">\n\t\t\t\t\t\t\t<div class=\"elementor-widget-wrap\">\n\t\t\t\t\t\t<div class=\"elementor-element elementor-element-69fb696 elementor-widget elementor-widget-image\" data-id=\"69fb696\" data-element_type=\"widget\" data-widget_type=\"image.default\">\n\t\t\t\t<div class=\"elementor-widget-container\">\n\t\t\t\t\t\t\t\t<div class=\"elementor-image\">\n\t\t\t\t\t\t\t\t\t\t\t\t<img src=\"https:\/\/polypictures.fr\/deco-ambiance\/wp-content\/uploads\/elementor\/thumbs\/Sans-titre-1-copie-e1515975580457-nkdsx24vhybwbmopbfwfnsjhcqbc4hltdm094lwi2w.jpg\" title=\"Sans titre-1 copie\" alt=\"Sans titre-1 copie\" \/>\t\t\t\t\t\t\t\t\t\t\t\t\t\t<\/div>\n\t\t\t\t\t\t<\/div>\n\t\t\t\t<\/div>\n\t\t\t\t\t\t<\/div>\n\t\t\t\t\t<\/div>\n\t\t<\/div>\n\t\t\t\t<div class=\"elementor-column elementor-col-50 elementor-top-column elementor-element elementor-element-349ca7d\" data-id=\"349ca7d\" data-element_type=\"column\">\n\t\t\t<div class=\"elementor-column-wrap elementor-element-populated\">\n\t\t\t\t\t\t\t<div class=\"elementor-widget-wrap\">\n\t\t\t\t\t\t<div class=\"elementor-element elementor-element-a60f468 elementor-widget elementor-widget-image\" data-id=\"a60f468\" data-element_type=\"widget\" data-widget_type=\"image.default\">\n\t\t\t\t<div class=\"elementor-widget-container\">\n\t\t\t\t\t\t\t\t<div class=\"elementor-image\">\n\t\t\t\t\t\t\t\t\t\t\t\t<img src=\"https:\/\/polypictures.fr\/deco-ambiance\/wp-content\/uploads\/elementor\/thumbs\/restaurant-1477504-copie-n2lbjwscqhpvp6mks7q04uawc3rzomi5cks0y3rte0.jpg\" title=\"restaurant-1477504 copie\" alt=\"restaurant-1477504 copie\" \/>\t\t\t\t\t\t\t\t\t\t\t\t\t\t<\/div>\n\t\t\t\t\t\t<\/div>\n\t\t\t\t<\/div>\n\t\t\t\t\t\t<\/div>\n\t\t\t\t\t<\/div>\n\t\t<\/div>\n\t\t\t\t\t\t\t\t<\/div>\n\t\t\t\t\t<\/div>\n\t\t<\/section>\n\t\t\t\t\t\t\t\t\t<\/div>\n\t\t\t<\/div>\n\t\t\t\t\t<\/div>\n\t\t","protected":false},"excerpt":{"rendered":"<p>La plupart de nos tirages photographiques sont disponibles dans des tailles sup\u00e9rieures \u00e0 20 x 20 cm \/ 29 x 20 cm.\u00a0 Nous nous adaptons \u00e0 votre demande et chaque tirage peut \u00eatre r\u00e9alis\u00e9 dans le format et les tailles que vous souhaitez. C&rsquo;est un rendu de qualit\u00e9 professionnel qui &hellip;<\/p>\n","protected":false},"author":1,"featured_media":0,"parent":0,"menu_order":0,"comment_status":"closed","ping_status":"closed","template":"","meta":{"ngg_post_thumbnail":0,"spay_email":""},"yoast_head":"<!-- This site is optimized with the Yoast SEO plugin v19.0 - https:\/\/yoast.com\/wordpress\/plugins\/seo\/ -->\n<title>Tirages grand format - Polypictures<\/title>\n<meta name=\"robots\" content=\"index, follow, max-snippet:-1, max-image-preview:large, max-video-preview:-1\" \/>\n<link rel=\"canonical\" href=\"https:\/\/polypictures.fr\/deco-ambiance\/index.php\/tirages-grand-format\/\" \/>\n<meta property=\"og:locale\" content=\"fr_FR\" \/>\n<meta property=\"og:type\" content=\"article\" \/>\n<meta property=\"og:title\" content=\"Tirages grand format - Polypictures\" \/>\n<meta property=\"og:description\" content=\"La plupart de nos tirages photographiques sont disponibles dans des tailles sup\u00e9rieures \u00e0 20 x 20 cm \/ 29 x 20 cm.\u00a0 Nous nous adaptons \u00e0 votre demande et chaque tirage peut \u00eatre r\u00e9alis\u00e9 dans le format et les tailles que vous souhaitez. C&rsquo;est un rendu de qualit\u00e9 professionnel qui &hellip;\" \/>\n<meta property=\"og:url\" content=\"https:\/\/polypictures.fr\/deco-ambiance\/index.php\/tirages-grand-format\/\" \/>\n<meta property=\"og:site_name\" content=\"Polypictures\" \/>\n<meta property=\"article:publisher\" content=\"https:\/\/www.facebook.com\/Polypictures\/?ref=bookmarks\" \/>\n<meta property=\"article:modified_time\" content=\"2018-12-21T21:14:52+00:00\" \/>\n<meta property=\"og:image\" content=\"https:\/\/polypictures.fr\/deco-ambiance\/wp-content\/uploads\/elementor\/thumbs\/Sans-titre-1-copie-e1515975580457-nkdsx24vhybwbmopbfwfnsjhcqbc4hltdm094lwi2w.jpg\" \/>\n<meta name=\"twitter:card\" content=\"summary_large_image\" \/>\n<script type=\"application\/ld+json\" class=\"yoast-schema-graph\">{\"@context\":\"https:\/\/schema.org\",\"@graph\":[{\"@type\":\"Organization\",\"@id\":\"https:\/\/polypictures.fr\/deco-ambiance\/#organization\",\"name\":\"Polypictures\",\"url\":\"https:\/\/polypictures.fr\/deco-ambiance\/\",\"sameAs\":[\"https:\/\/www.facebook.com\/Polypictures\/?ref=bookmarks\"],\"logo\":{\"@type\":\"ImageObject\",\"inLanguage\":\"fr-FR\",\"@id\":\"https:\/\/polypictures.fr\/deco-ambiance\/#\/schema\/logo\/image\/\",\"url\":\"https:\/\/polypictures.fr\/deco-ambiance\/wp-content\/uploads\/2018\/02\/0485-copie-s\u00e9pia-carr\u00e9-copie.jpg\",\"contentUrl\":\"https:\/\/polypictures.fr\/deco-ambiance\/wp-content\/uploads\/2018\/02\/0485-copie-s\u00e9pia-carr\u00e9-copie.jpg\",\"width\":150,\"height\":150,\"caption\":\"Polypictures\"},\"image\":{\"@id\":\"https:\/\/polypictures.fr\/deco-ambiance\/#\/schema\/logo\/image\/\"}},{\"@type\":\"WebSite\",\"@id\":\"https:\/\/polypictures.fr\/deco-ambiance\/#website\",\"url\":\"https:\/\/polypictures.fr\/deco-ambiance\/\",\"name\":\"Polypictures\",\"description\":\"reproductions de photos anciennes\",\"publisher\":{\"@id\":\"https:\/\/polypictures.fr\/deco-ambiance\/#organization\"},\"potentialAction\":[{\"@type\":\"SearchAction\",\"target\":{\"@type\":\"EntryPoint\",\"urlTemplate\":\"https:\/\/polypictures.fr\/deco-ambiance\/?s={search_term_string}\"},\"query-input\":\"required name=search_term_string\"}],\"inLanguage\":\"fr-FR\"},{\"@type\":\"ImageObject\",\"inLanguage\":\"fr-FR\",\"@id\":\"https:\/\/polypictures.fr\/deco-ambiance\/index.php\/tirages-grand-format\/#primaryimage\",\"url\":\"https:\/\/polypictures.fr\/deco-ambiance\/wp-content\/uploads\/elementor\/thumbs\/Sans-titre-1-copie-e1515975580457-nkdsx24vhybwbmopbfwfnsjhcqbc4hltdm094lwi2w.jpg\",\"contentUrl\":\"https:\/\/polypictures.fr\/deco-ambiance\/wp-content\/uploads\/elementor\/thumbs\/Sans-titre-1-copie-e1515975580457-nkdsx24vhybwbmopbfwfnsjhcqbc4hltdm094lwi2w.jpg\"},{\"@type\":\"WebPage\",\"@id\":\"https:\/\/polypictures.fr\/deco-ambiance\/index.php\/tirages-grand-format\/#webpage\",\"url\":\"https:\/\/polypictures.fr\/deco-ambiance\/index.php\/tirages-grand-format\/\",\"name\":\"Tirages grand format - Polypictures\",\"isPartOf\":{\"@id\":\"https:\/\/polypictures.fr\/deco-ambiance\/#website\"},\"primaryImageOfPage\":{\"@id\":\"https:\/\/polypictures.fr\/deco-ambiance\/index.php\/tirages-grand-format\/#primaryimage\"},\"datePublished\":\"2018-09-25T00:53:48+00:00\",\"dateModified\":\"2018-12-21T21:14:52+00:00\",\"breadcrumb\":{\"@id\":\"https:\/\/polypictures.fr\/deco-ambiance\/index.php\/tirages-grand-format\/#breadcrumb\"},\"inLanguage\":\"fr-FR\",\"potentialAction\":[{\"@type\":\"ReadAction\",\"target\":[\"https:\/\/polypictures.fr\/deco-ambiance\/index.php\/tirages-grand-format\/\"]}]},{\"@type\":\"BreadcrumbList\",\"@id\":\"https:\/\/polypictures.fr\/deco-ambiance\/index.php\/tirages-grand-format\/#breadcrumb\",\"itemListElement\":[{\"@type\":\"ListItem\",\"position\":1,\"name\":\"Accueil\",\"item\":\"https:\/\/polypictures.fr\/deco-ambiance\/\"},{\"@type\":\"ListItem\",\"position\":2,\"name\":\"Tirages grand format\"}]}]}<\/script>\n<!-- \/ Yoast SEO plugin. -->","yoast_head_json":{"title":"Tirages grand format - Polypictures","robots":{"index":"index","follow":"follow","max-snippet":"max-snippet:-1","max-image-preview":"max-image-preview:large","max-video-preview":"max-video-preview:-1"},"canonical":"https:\/\/polypictures.fr\/deco-ambiance\/index.php\/tirages-grand-format\/","og_locale":"fr_FR","og_type":"article","og_title":"Tirages grand format - Polypictures","og_description":"La plupart de nos tirages photographiques sont disponibles dans des tailles sup\u00e9rieures \u00e0 20 x 20 cm \/ 29 x 20 cm.\u00a0 Nous nous adaptons \u00e0 votre demande et chaque tirage peut \u00eatre r\u00e9alis\u00e9 dans le format et les tailles que vous souhaitez. C&rsquo;est un rendu de qualit\u00e9 professionnel qui &hellip;","og_url":"https:\/\/polypictures.fr\/deco-ambiance\/index.php\/tirages-grand-format\/","og_site_name":"Polypictures","article_publisher":"https:\/\/www.facebook.com\/Polypictures\/?ref=bookmarks","article_modified_time":"2018-12-21T21:14:52+00:00","og_image":[{"url":"https:\/\/polypictures.fr\/deco-ambiance\/wp-content\/uploads\/elementor\/thumbs\/Sans-titre-1-copie-e1515975580457-nkdsx24vhybwbmopbfwfnsjhcqbc4hltdm094lwi2w.jpg"}],"twitter_card":"summary_large_image","schema":{"@context":"https:\/\/schema.org","@graph":[{"@type":"Organization","@id":"https:\/\/polypictures.fr\/deco-ambiance\/#organization","name":"Polypictures","url":"https:\/\/polypictures.fr\/deco-ambiance\/","sameAs":["https:\/\/www.facebook.com\/Polypictures\/?ref=bookmarks"],"logo":{"@type":"ImageObject","inLanguage":"fr-FR","@id":"https:\/\/polypictures.fr\/deco-ambiance\/#\/schema\/logo\/image\/","url":"https:\/\/polypictures.fr\/deco-ambiance\/wp-content\/uploads\/2018\/02\/0485-copie-s\u00e9pia-carr\u00e9-copie.jpg","contentUrl":"https:\/\/polypictures.fr\/deco-ambiance\/wp-content\/uploads\/2018\/02\/0485-copie-s\u00e9pia-carr\u00e9-copie.jpg","width":150,"height":150,"caption":"Polypictures"},"image":{"@id":"https:\/\/polypictures.fr\/deco-ambiance\/#\/schema\/logo\/image\/"}},{"@type":"WebSite","@id":"https:\/\/polypictures.fr\/deco-ambiance\/#website","url":"https:\/\/polypictures.fr\/deco-ambiance\/","name":"Polypictures","description":"reproductions de photos anciennes","publisher":{"@id":"https:\/\/polypictures.fr\/deco-ambiance\/#organization"},"potentialAction":[{"@type":"SearchAction","target":{"@type":"EntryPoint","urlTemplate":"https:\/\/polypictures.fr\/deco-ambiance\/?s={search_term_string}"},"query-input":"required name=search_term_string"}],"inLanguage":"fr-FR"},{"@type":"ImageObject","inLanguage":"fr-FR","@id":"https:\/\/polypictures.fr\/deco-ambiance\/index.php\/tirages-grand-format\/#primaryimage","url":"https:\/\/polypictures.fr\/deco-ambiance\/wp-content\/uploads\/elementor\/thumbs\/Sans-titre-1-copie-e1515975580457-nkdsx24vhybwbmopbfwfnsjhcqbc4hltdm094lwi2w.jpg","contentUrl":"https:\/\/polypictures.fr\/deco-ambiance\/wp-content\/uploads\/elementor\/thumbs\/Sans-titre-1-copie-e1515975580457-nkdsx24vhybwbmopbfwfnsjhcqbc4hltdm094lwi2w.jpg"},{"@type":"WebPage","@id":"https:\/\/polypictures.fr\/deco-ambiance\/index.php\/tirages-grand-format\/#webpage","url":"https:\/\/polypictures.fr\/deco-ambiance\/index.php\/tirages-grand-format\/","name":"Tirages grand format - Polypictures","isPartOf":{"@id":"https:\/\/polypictures.fr\/deco-ambiance\/#website"},"primaryImageOfPage":{"@id":"https:\/\/polypictures.fr\/deco-ambiance\/index.php\/tirages-grand-format\/#primaryimage"},"datePublished":"2018-09-25T00:53:48+00:00","dateModified":"2018-12-21T21:14:52+00:00","breadcrumb":{"@id":"https:\/\/polypictures.fr\/deco-ambiance\/index.php\/tirages-grand-format\/#breadcrumb"},"inLanguage":"fr-FR","potentialAction":[{"@type":"ReadAction","target":["https:\/\/polypictures.fr\/deco-ambiance\/index.php\/tirages-grand-format\/"]}]},{"@type":"BreadcrumbList","@id":"https:\/\/polypictures.fr\/deco-ambiance\/index.php\/tirages-grand-format\/#breadcrumb","itemListElement":[{"@type":"ListItem","position":1,"name":"Accueil","item":"https:\/\/polypictures.fr\/deco-ambiance\/"},{"@type":"ListItem","position":2,"name":"Tirages grand format"}]}]}},"jetpack_sharing_enabled":true,"jetpack_shortlink":"https:\/\/wp.me\/P9ETzx-ml","_links":{"self":[{"href":"https:\/\/polypictures.fr\/deco-ambiance\/index.php\/wp-json\/wp\/v2\/pages\/1385"}],"collection":[{"href":"https:\/\/polypictures.fr\/deco-ambiance\/index.php\/wp-json\/wp\/v2\/pages"}],"about":[{"href":"https:\/\/polypictures.fr\/deco-ambiance\/index.php\/wp-json\/wp\/v2\/types\/page"}],"author":[{"embeddable":true,"href":"https:\/\/polypictures.fr\/deco-ambiance\/index.php\/wp-json\/wp\/v2\/users\/1"}],"replies":[{"embeddable":true,"href":"https:\/\/polypictures.fr\/deco-ambiance\/index.php\/wp-json\/wp\/v2\/comments?post=1385"}],"version-history":[{"count":0,"href":"https:\/\/polypictures.fr\/deco-ambiance\/index.php\/wp-json\/wp\/v2\/pages\/1385\/revisions"}],"wp:attachment":[{"href":"https:\/\/polypictures.fr\/deco-ambiance\/index.php\/wp-json\/wp\/v2\/media?parent=1385"}],"curies":[{"name":"wp","href":"https:\/\/api.w.org\/{rel}","templated":true}]}}