{"id":1012,"date":"2018-02-28T18:25:10","date_gmt":"2018-02-28T17:25:10","guid":{"rendered":"http:\/\/polypictures.fr\/deco-ambiance\/?page_id=1012"},"modified":"2018-12-23T01:10:53","modified_gmt":"2018-12-23T00:10:53","slug":"vente-de-fichiers","status":"publish","type":"page","link":"https:\/\/polypictures.fr\/deco-ambiance\/index.php\/vente-de-fichiers\/","title":{"rendered":"Vente de fichiers"},"content":{"rendered":"\t\t<div data-elementor-type=\"wp-post\" data-elementor-id=\"1012\" class=\"elementor elementor-1012 elementor-bc-flex-widget\">\n\t\t\t\t\t\t<div class=\"elementor-inner\">\n\t\t\t\t<div class=\"elementor-section-wrap\">\n\t\t\t\t\t\t\t\t\t<section class=\"elementor-section elementor-top-section elementor-element elementor-element-8a3801b elementor-section-boxed elementor-section-height-default elementor-section-height-default\" data-id=\"8a3801b\" data-element_type=\"section\">\n\t\t\t\t\t\t<div class=\"elementor-container elementor-column-gap-default\">\n\t\t\t\t\t\t\t<div class=\"elementor-row\">\n\t\t\t\t\t<div class=\"elementor-column elementor-col-100 elementor-top-column elementor-element elementor-element-f6c1c28\" data-id=\"f6c1c28\" data-element_type=\"column\">\n\t\t\t<div class=\"elementor-column-wrap elementor-element-populated\">\n\t\t\t\t\t\t\t<div class=\"elementor-widget-wrap\">\n\t\t\t\t\t\t<div class=\"elementor-element elementor-element-a2a8f9b elementor-widget elementor-widget-spacer\" data-id=\"a2a8f9b\" data-element_type=\"widget\" data-widget_type=\"spacer.default\">\n\t\t\t\t<div class=\"elementor-widget-container\">\n\t\t\t\t\t<div class=\"elementor-spacer\">\n\t\t\t<div class=\"elementor-spacer-inner\"><\/div>\n\t\t<\/div>\n\t\t\t\t<\/div>\n\t\t\t\t<\/div>\n\t\t\t\t\t\t<\/div>\n\t\t\t\t\t<\/div>\n\t\t<\/div>\n\t\t\t\t\t\t\t\t<\/div>\n\t\t\t\t\t<\/div>\n\t\t<\/section>\n\t\t\t\t<section class=\"elementor-section elementor-top-section elementor-element elementor-element-89766b5 elementor-section-boxed elementor-section-height-default elementor-section-height-default\" data-id=\"89766b5\" data-element_type=\"section\">\n\t\t\t\t\t\t<div class=\"elementor-container elementor-column-gap-default\">\n\t\t\t\t\t\t\t<div class=\"elementor-row\">\n\t\t\t\t\t<div class=\"elementor-column elementor-col-100 elementor-top-column elementor-element elementor-element-ea35d5d\" data-id=\"ea35d5d\" data-element_type=\"column\">\n\t\t\t<div class=\"elementor-column-wrap elementor-element-populated\">\n\t\t\t\t\t\t\t<div class=\"elementor-widget-wrap\">\n\t\t\t\t\t\t<div class=\"elementor-element elementor-element-6d72d01 elementor-widget elementor-widget-text-editor\" data-id=\"6d72d01\" data-element_type=\"widget\" data-widget_type=\"text-editor.default\">\n\t\t\t\t<div class=\"elementor-widget-container\">\n\t\t\t\t\t\t\t\t<div class=\"elementor-text-editor elementor-clearfix\">\n\t\t\t\t<p>Si vous souhaitez utiliser l&rsquo;un de nos fichiers pour votre site internet, une revue, une publicit\u00e9, un catalogue, un affichage ou tout autre chose, nous sommes \u00e0 votre \u00e9coute.<br \/><span style=\"text-indent: 0em; text-align: inherit;\">Le prix du fichier variera en fonction de la taille de l&rsquo;image, de la dur\u00e9e d&rsquo;affichage, du nombre d&rsquo;exemplaires \u00e9dit\u00e9s etc.<\/span><\/p><p><span style=\"text-indent: 0em; text-align: inherit;\">\u00a0<\/span><\/p>\t\t\t\t\t<\/div>\n\t\t\t\t\t\t<\/div>\n\t\t\t\t<\/div>\n\t\t\t\t\t\t<\/div>\n\t\t\t\t\t<\/div>\n\t\t<\/div>\n\t\t\t\t\t\t\t\t<\/div>\n\t\t\t\t\t<\/div>\n\t\t<\/section>\n\t\t\t\t<section class=\"elementor-section elementor-top-section elementor-element elementor-element-deda64b elementor-section-boxed elementor-section-height-default elementor-section-height-default\" data-id=\"deda64b\" data-element_type=\"section\">\n\t\t\t\t\t\t<div class=\"elementor-container elementor-column-gap-default\">\n\t\t\t\t\t\t\t<div class=\"elementor-row\">\n\t\t\t\t\t<div class=\"elementor-column elementor-col-100 elementor-top-column elementor-element elementor-element-fcfcebb\" data-id=\"fcfcebb\" data-element_type=\"column\">\n\t\t\t<div class=\"elementor-column-wrap elementor-element-populated\">\n\t\t\t\t\t\t\t<div class=\"elementor-widget-wrap\">\n\t\t\t\t\t\t<div class=\"elementor-element elementor-element-e30f4f8 elementor-widget elementor-widget-text-editor\" data-id=\"e30f4f8\" data-element_type=\"widget\" data-widget_type=\"text-editor.default\">\n\t\t\t\t<div class=\"elementor-widget-container\">\n\t\t\t\t\t\t\t\t<div class=\"elementor-text-editor elementor-clearfix\">\n\t\t\t\t<div role=\"form\" class=\"wpcf7\" id=\"wpcf7-f1440-o1\" lang=\"fr-FR\" dir=\"ltr\">\n<div class=\"screen-reader-response\"><p role=\"status\" aria-live=\"polite\" aria-atomic=\"true\"><\/p> <ul><\/ul><\/div>\n<form action=\"\/deco-ambiance\/index.php\/wp-json\/wp\/v2\/pages\/1012#wpcf7-f1440-o1\" method=\"post\" class=\"wpcf7-form init\" novalidate=\"novalidate\" data-status=\"init\">\n<div style=\"display: none;\">\n<input type=\"hidden\" name=\"_wpcf7\" value=\"1440\" \/>\n<input type=\"hidden\" name=\"_wpcf7_version\" value=\"5.5.6.1\" \/>\n<input type=\"hidden\" name=\"_wpcf7_locale\" value=\"fr_FR\" \/>\n<input type=\"hidden\" name=\"_wpcf7_unit_tag\" value=\"wpcf7-f1440-o1\" \/>\n<input type=\"hidden\" name=\"_wpcf7_container_post\" value=\"0\" \/>\n<input type=\"hidden\" name=\"_wpcf7_posted_data_hash\" value=\"\" \/>\n<\/div>\n<p><label> Votre nom : (obligatoire)<br \/>\n    <span class=\"wpcf7-form-control-wrap your-name\"><input type=\"text\" name=\"your-name\" value=\"\" size=\"40\" class=\"wpcf7-form-control wpcf7-text wpcf7-validates-as-required\" aria-required=\"true\" aria-invalid=\"false\" \/><\/span> <\/label><\/p>\n<p><label> Votre adresse de messagerie : (obligatoire)<br \/>\n    <span class=\"wpcf7-form-control-wrap your-email\"><input type=\"email\" name=\"your-email\" value=\"\" size=\"40\" class=\"wpcf7-form-control wpcf7-text wpcf7-email wpcf7-validates-as-required wpcf7-validates-as-email\" aria-required=\"true\" aria-invalid=\"false\" \/><\/span> <\/label><\/p>\n<p><label> Objet : Vente de fichiers<\/label><\/p>\n<p><label> Votre message :<br \/>\n    <span class=\"wpcf7-form-control-wrap your-message\"><textarea name=\"your-message\" cols=\"40\" rows=\"10\" class=\"wpcf7-form-control wpcf7-textarea\" aria-invalid=\"false\"><\/textarea><\/span> <\/label><\/p>\n<p><span class=\"wpcf7-form-control-wrap acceptance-21\"><span class=\"wpcf7-form-control wpcf7-acceptance\"><span class=\"wpcf7-list-item\"><label><input type=\"checkbox\" name=\"acceptance-21\" value=\"1\" aria-invalid=\"false\" \/><span class=\"wpcf7-list-item-label\">Je ne suis pas un robot<\/span><\/label><\/span><\/span><\/span><\/p>\n<p><input type=\"submit\" value=\"Envoyer\" class=\"wpcf7-form-control has-spinner wpcf7-submit\" \/><\/p>\n<div class=\"wpcf7-response-output\" aria-hidden=\"true\"><\/div><\/form><\/div>\t\t\t\t\t<\/div>\n\t\t\t\t\t\t<\/div>\n\t\t\t\t<\/div>\n\t\t\t\t\t\t<\/div>\n\t\t\t\t\t<\/div>\n\t\t<\/div>\n\t\t\t\t\t\t\t\t<\/div>\n\t\t\t\t\t<\/div>\n\t\t<\/section>\n\t\t\t\t\t\t\t\t\t<\/div>\n\t\t\t<\/div>\n\t\t\t\t\t<\/div>\n\t\t","protected":false},"excerpt":{"rendered":"<p>Si vous souhaitez utiliser l&rsquo;un de nos fichiers pour votre site internet, une revue, une publicit\u00e9, un catalogue, un affichage ou tout autre chose, nous sommes \u00e0 votre \u00e9coute.Le prix du fichier variera en fonction de la taille de l&rsquo;image, de la dur\u00e9e d&rsquo;affichage, du nombre d&rsquo;exemplaires \u00e9dit\u00e9s etc. \u00a0<\/p>\n","protected":false},"author":1,"featured_media":0,"parent":0,"menu_order":0,"comment_status":"closed","ping_status":"closed","template":"","meta":{"ngg_post_thumbnail":0,"spay_email":""},"yoast_head":"<!-- This site is optimized with the Yoast SEO plugin v19.0 - https:\/\/yoast.com\/wordpress\/plugins\/seo\/ -->\n<title>Vente de fichiers - Polypictures<\/title>\n<meta name=\"robots\" content=\"index, follow, max-snippet:-1, max-image-preview:large, max-video-preview:-1\" \/>\n<link rel=\"canonical\" href=\"https:\/\/polypictures.fr\/deco-ambiance\/index.php\/vente-de-fichiers\/\" \/>\n<meta property=\"og:locale\" content=\"fr_FR\" \/>\n<meta property=\"og:type\" content=\"article\" \/>\n<meta property=\"og:title\" content=\"Vente de fichiers - Polypictures\" \/>\n<meta property=\"og:description\" content=\"Si vous souhaitez utiliser l&rsquo;un de nos fichiers pour votre site internet, une revue, une publicit\u00e9, un catalogue, un affichage ou tout autre chose, nous sommes \u00e0 votre \u00e9coute.Le prix du fichier variera en fonction de la taille de l&rsquo;image, de la dur\u00e9e d&rsquo;affichage, du nombre d&rsquo;exemplaires \u00e9dit\u00e9s etc. \u00a0\" \/>\n<meta property=\"og:url\" content=\"https:\/\/polypictures.fr\/deco-ambiance\/index.php\/vente-de-fichiers\/\" \/>\n<meta property=\"og:site_name\" content=\"Polypictures\" \/>\n<meta property=\"article:publisher\" content=\"https:\/\/www.facebook.com\/Polypictures\/?ref=bookmarks\" \/>\n<meta property=\"article:modified_time\" content=\"2018-12-23T00:10:53+00:00\" \/>\n<meta name=\"twitter:card\" content=\"summary_large_image\" \/>\n<script type=\"application\/ld+json\" class=\"yoast-schema-graph\">{\"@context\":\"https:\/\/schema.org\",\"@graph\":[{\"@type\":\"Organization\",\"@id\":\"https:\/\/polypictures.fr\/deco-ambiance\/#organization\",\"name\":\"Polypictures\",\"url\":\"https:\/\/polypictures.fr\/deco-ambiance\/\",\"sameAs\":[\"https:\/\/www.facebook.com\/Polypictures\/?ref=bookmarks\"],\"logo\":{\"@type\":\"ImageObject\",\"inLanguage\":\"fr-FR\",\"@id\":\"https:\/\/polypictures.fr\/deco-ambiance\/#\/schema\/logo\/image\/\",\"url\":\"https:\/\/polypictures.fr\/deco-ambiance\/wp-content\/uploads\/2018\/02\/0485-copie-s\u00e9pia-carr\u00e9-copie.jpg\",\"contentUrl\":\"https:\/\/polypictures.fr\/deco-ambiance\/wp-content\/uploads\/2018\/02\/0485-copie-s\u00e9pia-carr\u00e9-copie.jpg\",\"width\":150,\"height\":150,\"caption\":\"Polypictures\"},\"image\":{\"@id\":\"https:\/\/polypictures.fr\/deco-ambiance\/#\/schema\/logo\/image\/\"}},{\"@type\":\"WebSite\",\"@id\":\"https:\/\/polypictures.fr\/deco-ambiance\/#website\",\"url\":\"https:\/\/polypictures.fr\/deco-ambiance\/\",\"name\":\"Polypictures\",\"description\":\"reproductions de photos anciennes\",\"publisher\":{\"@id\":\"https:\/\/polypictures.fr\/deco-ambiance\/#organization\"},\"potentialAction\":[{\"@type\":\"SearchAction\",\"target\":{\"@type\":\"EntryPoint\",\"urlTemplate\":\"https:\/\/polypictures.fr\/deco-ambiance\/?s={search_term_string}\"},\"query-input\":\"required name=search_term_string\"}],\"inLanguage\":\"fr-FR\"},{\"@type\":\"WebPage\",\"@id\":\"https:\/\/polypictures.fr\/deco-ambiance\/index.php\/vente-de-fichiers\/#webpage\",\"url\":\"https:\/\/polypictures.fr\/deco-ambiance\/index.php\/vente-de-fichiers\/\",\"name\":\"Vente de fichiers - Polypictures\",\"isPartOf\":{\"@id\":\"https:\/\/polypictures.fr\/deco-ambiance\/#website\"},\"datePublished\":\"2018-02-28T17:25:10+00:00\",\"dateModified\":\"2018-12-23T00:10:53+00:00\",\"breadcrumb\":{\"@id\":\"https:\/\/polypictures.fr\/deco-ambiance\/index.php\/vente-de-fichiers\/#breadcrumb\"},\"inLanguage\":\"fr-FR\",\"potentialAction\":[{\"@type\":\"ReadAction\",\"target\":[\"https:\/\/polypictures.fr\/deco-ambiance\/index.php\/vente-de-fichiers\/\"]}]},{\"@type\":\"BreadcrumbList\",\"@id\":\"https:\/\/polypictures.fr\/deco-ambiance\/index.php\/vente-de-fichiers\/#breadcrumb\",\"itemListElement\":[{\"@type\":\"ListItem\",\"position\":1,\"name\":\"Accueil\",\"item\":\"https:\/\/polypictures.fr\/deco-ambiance\/\"},{\"@type\":\"ListItem\",\"position\":2,\"name\":\"Vente de fichiers\"}]}]}<\/script>\n<!-- \/ Yoast SEO plugin. -->","yoast_head_json":{"title":"Vente de fichiers - Polypictures","robots":{"index":"index","follow":"follow","max-snippet":"max-snippet:-1","max-image-preview":"max-image-preview:large","max-video-preview":"max-video-preview:-1"},"canonical":"https:\/\/polypictures.fr\/deco-ambiance\/index.php\/vente-de-fichiers\/","og_locale":"fr_FR","og_type":"article","og_title":"Vente de fichiers - Polypictures","og_description":"Si vous souhaitez utiliser l&rsquo;un de nos fichiers pour votre site internet, une revue, une publicit\u00e9, un catalogue, un affichage ou tout autre chose, nous sommes \u00e0 votre \u00e9coute.Le prix du fichier variera en fonction de la taille de l&rsquo;image, de la dur\u00e9e d&rsquo;affichage, du nombre d&rsquo;exemplaires \u00e9dit\u00e9s etc. \u00a0","og_url":"https:\/\/polypictures.fr\/deco-ambiance\/index.php\/vente-de-fichiers\/","og_site_name":"Polypictures","article_publisher":"https:\/\/www.facebook.com\/Polypictures\/?ref=bookmarks","article_modified_time":"2018-12-23T00:10:53+00:00","twitter_card":"summary_large_image","schema":{"@context":"https:\/\/schema.org","@graph":[{"@type":"Organization","@id":"https:\/\/polypictures.fr\/deco-ambiance\/#organization","name":"Polypictures","url":"https:\/\/polypictures.fr\/deco-ambiance\/","sameAs":["https:\/\/www.facebook.com\/Polypictures\/?ref=bookmarks"],"logo":{"@type":"ImageObject","inLanguage":"fr-FR","@id":"https:\/\/polypictures.fr\/deco-ambiance\/#\/schema\/logo\/image\/","url":"https:\/\/polypictures.fr\/deco-ambiance\/wp-content\/uploads\/2018\/02\/0485-copie-s\u00e9pia-carr\u00e9-copie.jpg","contentUrl":"https:\/\/polypictures.fr\/deco-ambiance\/wp-content\/uploads\/2018\/02\/0485-copie-s\u00e9pia-carr\u00e9-copie.jpg","width":150,"height":150,"caption":"Polypictures"},"image":{"@id":"https:\/\/polypictures.fr\/deco-ambiance\/#\/schema\/logo\/image\/"}},{"@type":"WebSite","@id":"https:\/\/polypictures.fr\/deco-ambiance\/#website","url":"https:\/\/polypictures.fr\/deco-ambiance\/","name":"Polypictures","description":"reproductions de photos anciennes","publisher":{"@id":"https:\/\/polypictures.fr\/deco-ambiance\/#organization"},"potentialAction":[{"@type":"SearchAction","target":{"@type":"EntryPoint","urlTemplate":"https:\/\/polypictures.fr\/deco-ambiance\/?s={search_term_string}"},"query-input":"required name=search_term_string"}],"inLanguage":"fr-FR"},{"@type":"WebPage","@id":"https:\/\/polypictures.fr\/deco-ambiance\/index.php\/vente-de-fichiers\/#webpage","url":"https:\/\/polypictures.fr\/deco-ambiance\/index.php\/vente-de-fichiers\/","name":"Vente de fichiers - Polypictures","isPartOf":{"@id":"https:\/\/polypictures.fr\/deco-ambiance\/#website"},"datePublished":"2018-02-28T17:25:10+00:00","dateModified":"2018-12-23T00:10:53+00:00","breadcrumb":{"@id":"https:\/\/polypictures.fr\/deco-ambiance\/index.php\/vente-de-fichiers\/#breadcrumb"},"inLanguage":"fr-FR","potentialAction":[{"@type":"ReadAction","target":["https:\/\/polypictures.fr\/deco-ambiance\/index.php\/vente-de-fichiers\/"]}]},{"@type":"BreadcrumbList","@id":"https:\/\/polypictures.fr\/deco-ambiance\/index.php\/vente-de-fichiers\/#breadcrumb","itemListElement":[{"@type":"ListItem","position":1,"name":"Accueil","item":"https:\/\/polypictures.fr\/deco-ambiance\/"},{"@type":"ListItem","position":2,"name":"Vente de fichiers"}]}]}},"jetpack_sharing_enabled":true,"jetpack_shortlink":"https:\/\/wp.me\/P9ETzx-gk","_links":{"self":[{"href":"https:\/\/polypictures.fr\/deco-ambiance\/index.php\/wp-json\/wp\/v2\/pages\/1012"}],"collection":[{"href":"https:\/\/polypictures.fr\/deco-ambiance\/index.php\/wp-json\/wp\/v2\/pages"}],"about":[{"href":"https:\/\/polypictures.fr\/deco-ambiance\/index.php\/wp-json\/wp\/v2\/types\/page"}],"author":[{"embeddable":true,"href":"https:\/\/polypictures.fr\/deco-ambiance\/index.php\/wp-json\/wp\/v2\/users\/1"}],"replies":[{"embeddable":true,"href":"https:\/\/polypictures.fr\/deco-ambiance\/index.php\/wp-json\/wp\/v2\/comments?post=1012"}],"version-history":[{"count":0,"href":"https:\/\/polypictures.fr\/deco-ambiance\/index.php\/wp-json\/wp\/v2\/pages\/1012\/revisions"}],"wp:attachment":[{"href":"https:\/\/polypictures.fr\/deco-ambiance\/index.php\/wp-json\/wp\/v2\/media?parent=1012"}],"curies":[{"name":"wp","href":"https:\/\/api.w.org\/{rel}","templated":true}]}}